{"id":73,"date":"2017-07-12T05:54:01","date_gmt":"2017-07-12T05:54:01","guid":{"rendered":"https:\/\/new.sinani.al\/?page_id=73"},"modified":"2024-08-16T06:57:47","modified_gmt":"2024-08-16T06:57:47","slug":"na-kontaktoni","status":"publish","type":"page","link":"https:\/\/sinani.al\/en\/na-kontaktoni\/","title":{"rendered":"contact us"},"content":{"rendered":"<h1>\n\t\t\t\tcontact us\n\t\t\t<\/h1>\n\t<h4>\n\t\t\t\tTELEFON\n\t\t\t<\/h4>\n\t\t<h2>+355696077779<\/h2><p>\u00a0<\/p>\t\n\t<h4>\n\t\t\t\t<a href=\"https:\/\/www.google.com\/maps\/dir\/\/hidrosanitare+sinani\/data=!4m6!4m5!1m1!4e2!1m2!1m1!1s0x134fd7a14c0515af:0x5e590ecebc81bbb5?sa=X&#038;ved=2ahUKEwilluCwuc35AhX5QPEDHVwYDFQQ9Rd6BAhaEAU\" title=\"NA VIZNITONI\" target=\"_self\" rel=\"noopener\">\n\t\t\t\tNA VIZNITONI\n\t\t\t\t<\/a>\n\t\t\t<\/h4>\n\t\t<p>Autostrada Tirane- Durres, Km 26 Xhafzotaj Durres<\/p>\t\n\t<h4>\n\t\t\t\tEMAIL\n\t\t\t<\/h4>\n\t\t<p>info@sinani.al<\/p>\t\n\t<h4>\n\t\t\t\tWorking Hours\n\t\t\t<\/h4>\n\t\t<table><thead><tr><th>Dita<\/th><th>Orari<\/th><\/tr><\/thead><tbody><tr><td>Monday<\/td><td>8:00 &#8211; 17:00<\/td><\/tr><tr><td>Tuesday<\/td><td>8:00 &#8211; 17:00<\/td><\/tr><tr><td>Wednesday<\/td><td>8:00 &#8211; 17:00<\/td><\/tr><tr><td>Thursday<\/td><td>8:00 &#8211; 17:00<\/td><\/tr><tr><td>Friday<\/td><td>8:00 &#8211; 17:00<\/td><\/tr><tr><td>Saturday<\/td><td>8:00 &#8211; 17:00<\/td><\/tr><tr><td>Sunday<\/td><td>8:00 &#8211; 12:00<\/td><\/tr><\/tbody><\/table>\t\n\t<div class=\"wpforms-container\" id=\"wpforms-12\"><form id=\"wpforms-form-12\" class=\"wpforms-validate wpforms-form\" data-formid=\"12\" method=\"post\" enctype=\"multipart\/form-data\" action=\"\/en\/wp-json\/wp\/v2\/pages\/73\" data-token=\"e8c1175b8f8e71ada13f6a660174a8fa\" data-trp-original-action=\"\/en\/wp-json\/wp\/v2\/pages\/73\"><noscript class=\"wpforms-error-noscript\">Please enable JavaScript in your browser to complete this form.<\/noscript><div class=\"wpforms-field-container\"><div id=\"wpforms-12-field_0-container\" class=\"wpforms-field wpforms-field-name\" data-field-id=\"0\"><label class=\"wpforms-field-label wpforms-label-hide\" for=\"wpforms-12-field_0\">Name<\/label><input type=\"text\" id=\"wpforms-12-field_0\" class=\"wpforms-field-large\" name=\"wpforms[fields][0]\" placeholder=\"Name\" ><\/div><div id=\"wpforms-12-field_1-container\" class=\"wpforms-field wpforms-field-email\" data-field-id=\"1\"><label class=\"wpforms-field-label wpforms-label-hide\" for=\"wpforms-12-field_1\">Email <span class=\"wpforms-required-label\">*<\/span><\/label><input type=\"email\" id=\"wpforms-12-field_1\" class=\"wpforms-field-large wpforms-field-required\" name=\"wpforms[fields][1]\" placeholder=\"Email\" spellcheck=\"false\" required><\/div><div id=\"wpforms-12-field_3-container\" class=\"wpforms-field wpforms-field-text\" data-field-id=\"3\"><label class=\"wpforms-field-label wpforms-label-hide\" for=\"wpforms-12-field_3\">Subject<\/label><input type=\"text\" id=\"wpforms-12-field_3\" class=\"wpforms-field-large\" name=\"wpforms[fields][3]\" placeholder=\"Subject\" ><\/div><div id=\"wpforms-12-field_2-container\" class=\"wpforms-field wpforms-field-textarea\" data-field-id=\"2\"><label class=\"wpforms-field-label wpforms-label-hide\" for=\"wpforms-12-field_2\">Comment or Message <span class=\"wpforms-required-label\">*<\/span><\/label><textarea id=\"wpforms-12-field_2\" class=\"wpforms-field-medium wpforms-field-required\" name=\"wpforms[fields][2]\" placeholder=\"Message\" required><\/textarea><\/div><\/div><!-- .wpforms-field-container --><div class=\"wpforms-field wpforms-field-hp\"><label for=\"wpforms-12-field-hp\" class=\"wpforms-field-label\">Phone<\/label><input type=\"text\" name=\"wpforms[hp]\" id=\"wpforms-12-field-hp\" class=\"wpforms-field-medium\"><\/div><div class=\"wpforms-submit-container\" ><input type=\"hidden\" name=\"wpforms[id]\" value=\"12\"><input type=\"hidden\" name=\"wpforms[author]\" value=\"1\"><button type=\"submit\" name=\"wpforms[submit]\" id=\"wpforms-submit-12\" class=\"wpforms-submit\" data-alt-text=\"Sending...\" data-submit-text=\"Contact Us\" aria-live=\"assertive\" value=\"wpforms-submit\">Contact Us<\/button><\/div><input type=\"hidden\" name=\"trp-form-language\" value=\"en\"\/><\/form><\/div>  <!-- .wpforms-container -->\n\t<iframe src=\"https:\/\/www.google.com\/maps\/embed?pb=!1m14!1m8!1m3!1d2746.325359178442!2d19.524370315863806!3d41.35476544551318!3m2!1i1024!2i768!4f13.1!3m3!1m2!1s0x134fd7a14b72b847%3A0x1b6c121d636371b6!2sSINANI%20-%20Hidrosanitare%20hidraulike%20bojra%20sisteme%20ngrohje-ftohje%20panel%20diellor%20kondicioner%20kaldaja%20oxhak%20vaska%20GEBERIT!5e0!3m2!1sen!2sus!4v1697294117355!5m2!1sen!2sus\" width=\"100%\" height=\"450\" allowfullscreen=\"\" loading=\"lazy\" referrerpolicy=\"no-referrer-when-downgrade\"><\/iframe>","protected":false},"excerpt":{"rendered":"<p>Na Kontaktoni TELEFON +355696077779 \u00a0 NA VIZNITONI Autostrada Tirane- Durres, Km 26 Xhafzotaj Durres EMAIL info@sinani.al Working Hours Dita Orari E H\u00ebn\u00eb 8:00 &#8211; 17:00 E Mart\u00eb 8:00 &#8211; 17:00 E M\u00ebrkur\u00eb 8:00 &#8211; 17:00 E Enjte 8:00 &#8211; 17:00 E Premte 8:00 &#8211; 17:00 E Shtun\u00eb 8:00 &#8211; 17:00 E Diel\u00eb 8:00 &#8211; 12:00<\/p>","protected":false},"author":1,"featured_media":0,"parent":0,"menu_order":0,"comment_status":"closed","ping_status":"closed","template":"","meta":{"site-sidebar-layout":"no-sidebar","site-content-layout":"page-builder","ast-global-header-display":"","ast-main-header-display":"","ast-hfb-above-header-display":"","ast-hfb-below-header-display":"","ast-hfb-mobile-header-display":"","site-post-title":"disabled","ast-breadcrumbs-content":"","ast-featured-img":"disabled","footer-sml-layout":"","theme-transparent-header-meta":"default","adv-header-id-meta":"","stick-header-meta":"","header-above-stick-meta":"","header-main-stick-meta":"","header-below-stick-meta":"","footnotes":""},"class_list":["post-73","page","type-page","status-publish","hentry"],"_links":{"self":[{"href":"https:\/\/sinani.al\/en\/wp-json\/wp\/v2\/pages\/73","targetHints":{"allow":["GET"]}}],"collection":[{"href":"https:\/\/sinani.al\/en\/wp-json\/wp\/v2\/pages"}],"about":[{"href":"https:\/\/sinani.al\/en\/wp-json\/wp\/v2\/types\/page"}],"author":[{"embeddable":true,"href":"https:\/\/sinani.al\/en\/wp-json\/wp\/v2\/users\/1"}],"replies":[{"embeddable":true,"href":"https:\/\/sinani.al\/en\/wp-json\/wp\/v2\/comments?post=73"}],"version-history":[{"count":20,"href":"https:\/\/sinani.al\/en\/wp-json\/wp\/v2\/pages\/73\/revisions"}],"predecessor-version":[{"id":1694,"href":"https:\/\/sinani.al\/en\/wp-json\/wp\/v2\/pages\/73\/revisions\/1694"}],"wp:attachment":[{"href":"https:\/\/sinani.al\/en\/wp-json\/wp\/v2\/media?parent=73"}],"curies":[{"name":"wp","href":"https:\/\/api.w.org\/{rel}","templated":true}]}}