{"id":71,"date":"2017-07-12T05:53:59","date_gmt":"2017-07-12T05:53:59","guid":{"rendered":"https:\/\/new.sinani.al\/?page_id=71"},"modified":"2023-10-14T14:36:47","modified_gmt":"2023-10-14T14:36:47","slug":"rreth-nesh","status":"publish","type":"page","link":"https:\/\/sinani.al\/en\/rreth-nesh\/","title":{"rendered":"About us"},"content":{"rendered":"<h1>\n\t\t\t\tAbout us \n\t\t\t<\/h1>\n\t<p><strong>1994<\/strong><\/p>\n<p>The company's activity in the hydraulic materials trade sector began in early 1994, with a point of sale in Durr\u00ebs as a family activity, to be developed later and with two other points in Shijak and Sukth. In these years, the activity was modest, and the supply of goods was done within the country.<\/p>\n\t<p><strong>2004-2005<\/strong><\/p>\n<p>In 2004-2005, a new phase of development began. In these years, the firm took the form of an organized business, with a staff of 7-8 people. It started importing directly from the manufacturers a good part of the goods it traded and started from here its continuous growth.<\/p>\n\t<p><strong>2014-2015<\/strong><\/p>\n<p>Vitet 2014-2015 sh\u00ebnojn\u00eb nj\u00eb tjet\u00ebr faz\u00eb shum\u00eb t\u00eb r\u00ebnd\u00ebsishme. Tashm\u00eb Kompania &#8220;HAKI SINANI&#8221; sh.p.k. me nj\u00eb personel prej 35-40 vet\u00ebsh kishte marr\u00eb form\u00ebn e nj\u00eb biznesi shum\u00eb t\u00eb organizuar, me strategji t\u00eb qarta dhe me nj\u00eb pesh\u00eb shum\u00eb t\u00eb madhe n\u00eb sektorin e saj.<\/p>\n\t<h1><strong>today<\/strong><\/h1>\n<p>Sot kompania jon\u00eb ka nj\u00eb personel prej m\u00eb shum\u00eb se 100 personash dhe \u00ebsht\u00eb e organizuar m\u00eb s\u00eb miri me t\u00eb gjitha departamentet e saj. Ajo sot \u00ebsht\u00eb kthyer n\u00eb nj\u00eb mark\u00eb suksesi dhe \u00ebsht\u00eb nj\u00eb nd\u00ebr liderat n\u00eb sektorin e materialeve hidraulike, sistemeve te ngrohjes-ftohjes n\u00eb Shqip\u00ebri. &#8220;HAKI SINANI&#8221; sh.p.k. sot ofron mallrat e sh\u00ebrbimet e saj jo vet\u00ebm brenda vendit por eksporton me sukses n\u00eb disa vende t\u00eb rajonit dhe m\u00eb gjer\u00eb.<\/p>\n\t\t\t\t<img loading=\"lazy\" decoding=\"async\" src=\"https:\/\/sinani.al\/wp-content\/uploads\/2023\/10\/Untitled.png\" alt=\"sinani\" itemprop=\"image\" height=\"622\" width=\"1500\" title=\"Sinani\" onerror=\"this.style.display='none'\"  \/>\n\t<iframe src=\"https:\/\/www.google.com\/maps\/embed?pb=!1m14!1m8!1m3!1d2746.325359178442!2d19.524370315863806!3d41.35476544551318!3m2!1i1024!2i768!4f13.1!3m3!1m2!1s0x134fd7a14b72b847%3A0x1b6c121d636371b6!2sSINANI%20-%20Hidrosanitare%20hidraulike%20bojra%20sisteme%20ngrohje-ftohje%20panel%20diellor%20kondicioner%20kaldaja%20oxhak%20vaska%20GEBERIT!5e0!3m2!1sen!2sus!4v1697294117355!5m2!1sen!2sus\" width=\"100%\" height=\"450\" allowfullscreen=\"\" loading=\"lazy\" referrerpolicy=\"no-referrer-when-downgrade\"><\/iframe>","protected":false},"excerpt":{"rendered":"<p>Rreth Nesh 1994 Aktiviteti i kompanis\u00eb n\u00eb sektorin e tregetis\u00eb s\u00eb materialeve hidraulike i ka fillesat n\u00eb fillim t\u00eb vitit 1994, me nj\u00eb pik\u00eb shitje n\u00eb Durr\u00ebs si aktivitet familjar, p\u00ebr tu zhvilluar m\u00eb von\u00eb dhe me dy pika t\u00eb tjera n\u00eb Shijak dhe Sukth. N\u00eb k\u00ebto vite aktiviteti ishte modest , dhe furnizimi me &hellip;<\/p>\n<p class=\"read-more\"> <a class=\"\" href=\"https:\/\/sinani.al\/en\/rreth-nesh\/\"> <span class=\"screen-reader-text\">About us<\/span> Read More &raquo;<\/a><\/p>","protected":false},"author":1,"featured_media":0,"parent":0,"menu_order":0,"comment_status":"closed","ping_status":"closed","template":"","meta":{"site-sidebar-layout":"no-sidebar","site-content-layout":"page-builder","ast-global-header-display":"","ast-main-header-display":"","ast-hfb-above-header-display":"","ast-hfb-below-header-display":"","ast-hfb-mobile-header-display":"","site-post-title":"disabled","ast-breadcrumbs-content":"","ast-featured-img":"disabled","footer-sml-layout":"","theme-transparent-header-meta":"default","adv-header-id-meta":"","stick-header-meta":"","header-above-stick-meta":"","header-main-stick-meta":"","header-below-stick-meta":"","footnotes":""},"class_list":["post-71","page","type-page","status-publish","hentry"],"_links":{"self":[{"href":"https:\/\/sinani.al\/en\/wp-json\/wp\/v2\/pages\/71","targetHints":{"allow":["GET"]}}],"collection":[{"href":"https:\/\/sinani.al\/en\/wp-json\/wp\/v2\/pages"}],"about":[{"href":"https:\/\/sinani.al\/en\/wp-json\/wp\/v2\/types\/page"}],"author":[{"embeddable":true,"href":"https:\/\/sinani.al\/en\/wp-json\/wp\/v2\/users\/1"}],"replies":[{"embeddable":true,"href":"https:\/\/sinani.al\/en\/wp-json\/wp\/v2\/comments?post=71"}],"version-history":[{"count":13,"href":"https:\/\/sinani.al\/en\/wp-json\/wp\/v2\/pages\/71\/revisions"}],"predecessor-version":[{"id":1679,"href":"https:\/\/sinani.al\/en\/wp-json\/wp\/v2\/pages\/71\/revisions\/1679"}],"wp:attachment":[{"href":"https:\/\/sinani.al\/en\/wp-json\/wp\/v2\/media?parent=71"}],"curies":[{"name":"wp","href":"https:\/\/api.w.org\/{rel}","templated":true}]}}