{"id":1287,"date":"2022-05-23T13:44:48","date_gmt":"2022-05-23T13:44:48","guid":{"rendered":"https:\/\/new.sinani.al\/?page_id=1287"},"modified":"2023-10-14T14:40:23","modified_gmt":"2023-10-14T14:40:23","slug":"partneret-tane-copy","status":"publish","type":"page","link":"https:\/\/sinani.al\/en\/partneret-tane-copy\/","title":{"rendered":"Pyetjet Me Te Shpeshta"},"content":{"rendered":"<h1>\n\t\t\t\tPyetjet Me Te Shpeshta\n\t\t\t<\/h1>\n\t\t\t\t\t\t<h4 tabindex=\"0\">P: Ku ndodheni ?<\/h4>\n\t\t\t<h5><strong>P\u00ebrgjigjia<\/strong><\/h5>\n<p>Mund te na gjeni ne \u00e7do ore, ne \u00e7do dite te javes ne te gjithe Shqiperine. Ne \u00e7do qytet kemi perfaqesite tona te cilet ofrojne informacion, transport dhe suport teknik per te gjithe gamen e produkteve.VIZITO &#8211; KONTAKTE<\/p>\n\t\t\t\t\t\t<h4 tabindex=\"0\">P: Si mund te kem shpejt dhe te sigurta produktet e blera ne destinacion?<\/h4>\n\t\t\t<h5><strong>P\u00ebrgjigjia<\/strong><\/h5>\n<p>Ofrojme transport te shpejte me mjetet tona profesionale.Ofrojme siguri ne transport ne lidhje me demtimet e produkteve.TRANSPORTI FALAS .<\/p>\n\t\t\t\t\t\t<h4 tabindex=\"0\">P: Ku duhet te drejtohem per mirembajtje periodike apo porbleme teknike per produktet e blera te ju ?<\/h4>\n\t\t\t<h5><strong>P\u00ebrgjigjia<\/strong><\/h5>\n<p>Cdo product I ofruar mban vulen e me te mireve ne treg , shoqerohet nga garancia dhe suproti teknik deri ne funksionim.Stafi i pajisur me kualifikimet perkatese mund te kontaktohet ne \u00e7do moment.<\/p>\n\t<h2>contact us<\/h2>\n<p>BENI PYETJEN TUAJ<\/p>\n\t<iframe src=\"https:\/\/www.google.com\/maps\/embed?pb=!1m14!1m8!1m3!1d2746.325359178442!2d19.524370315863806!3d41.35476544551318!3m2!1i1024!2i768!4f13.1!3m3!1m2!1s0x134fd7a14b72b847%3A0x1b6c121d636371b6!2sSINANI%20-%20Hidrosanitare%20hidraulike%20bojra%20sisteme%20ngrohje-ftohje%20panel%20diellor%20kondicioner%20kaldaja%20oxhak%20vaska%20GEBERIT!5e0!3m2!1sen!2sus!4v1697294117355!5m2!1sen!2sus\" width=\"100%\" height=\"450\" allowfullscreen=\"\" loading=\"lazy\" referrerpolicy=\"no-referrer-when-downgrade\"><\/iframe>","protected":false},"excerpt":{"rendered":"<p>Pyetjet Me Te Shpeshta P: Ku ndodheni ? P\u00ebrgjigjia Mund te na gjeni ne \u00e7do ore, ne \u00e7do dite te javes ne te gjithe Shqiperine. Ne \u00e7do qytet kemi perfaqesite tona te cilet ofrojne informacion, transport dhe suport teknik per te gjithe gamen e produkteve.VIZITO &#8211; KONTAKTE P: Si mund te kem shpejt dhe te &hellip;<\/p>\n<p class=\"read-more\"> <a class=\"\" href=\"https:\/\/sinani.al\/en\/partneret-tane-copy\/\"> <span class=\"screen-reader-text\">Pyetjet Me Te Shpeshta<\/span> Read More &raquo;<\/a><\/p>","protected":false},"author":1,"featured_media":0,"parent":0,"menu_order":0,"comment_status":"closed","ping_status":"closed","template":"","meta":{"site-sidebar-layout":"no-sidebar","site-content-layout":"page-builder","ast-global-header-display":"","ast-main-header-display":"","ast-hfb-above-header-display":"","ast-hfb-below-header-display":"","ast-hfb-mobile-header-display":"","site-post-title":"disabled","ast-breadcrumbs-content":"","ast-featured-img":"disabled","footer-sml-layout":"","theme-transparent-header-meta":"default","adv-header-id-meta":"","stick-header-meta":"","header-above-stick-meta":"","header-main-stick-meta":"","header-below-stick-meta":"","footnotes":""},"class_list":["post-1287","page","type-page","status-publish","hentry"],"_links":{"self":[{"href":"https:\/\/sinani.al\/en\/wp-json\/wp\/v2\/pages\/1287","targetHints":{"allow":["GET"]}}],"collection":[{"href":"https:\/\/sinani.al\/en\/wp-json\/wp\/v2\/pages"}],"about":[{"href":"https:\/\/sinani.al\/en\/wp-json\/wp\/v2\/types\/page"}],"author":[{"embeddable":true,"href":"https:\/\/sinani.al\/en\/wp-json\/wp\/v2\/users\/1"}],"replies":[{"embeddable":true,"href":"https:\/\/sinani.al\/en\/wp-json\/wp\/v2\/comments?post=1287"}],"version-history":[{"count":10,"href":"https:\/\/sinani.al\/en\/wp-json\/wp\/v2\/pages\/1287\/revisions"}],"predecessor-version":[{"id":1683,"href":"https:\/\/sinani.al\/en\/wp-json\/wp\/v2\/pages\/1287\/revisions\/1683"}],"wp:attachment":[{"href":"https:\/\/sinani.al\/en\/wp-json\/wp\/v2\/media?parent=1287"}],"curies":[{"name":"wp","href":"https:\/\/api.w.org\/{rel}","templated":true}]}}