{"id":1128,"date":"2017-07-11T08:54:31","date_gmt":"2017-07-11T08:54:31","guid":{"rendered":"https:\/\/new.sinani.al\/?page_id=1128"},"modified":"2023-11-22T14:53:44","modified_gmt":"2023-11-22T14:53:44","slug":"home","status":"publish","type":"page","link":"https:\/\/sinani.al\/en\/","title":{"rendered":"Home"},"content":{"rendered":"<h3>100<\/h3>\r\n<p>EMPLYED<\/p>\r\n<h3>12<\/h3>\r\n<h4>SHOPS<\/h4>\r\n<h3>28<\/h3>\r\n<h4>YEARS ON THE MARKET<\/h4>\r\n<h3>30.000<\/h3>\r\n<h4>PRODUCTS<\/h4>\r\n<p>About <strong>US<\/strong><\/p>\r\n<p>Kompania Sinani e themeluar n\u00eb vitin 1994 nga Z. Haki Sinani, vit pas viti \u00ebsht\u00eb konsoliduar n\u00eb treg fal\u00eb p\u00ebrvoj\u00ebs, profesionalizmit dhe k\u00ebmb\u00ebnguljes t\u00eb gjith\u00eb bashk\u00ebpun\u00ebtor\u00ebve t\u00eb saj, duke arritur nj\u00eb pozicion lider n\u00eb shitjen e materialeve hidraulike, hidrosanitare, ngrohje-ftohje, klimatizues, mobilje banjo, materiale elektrike, bojra dhe shum\u00eb materiale t\u00eb tjera. I vet\u00ebdijsh\u00ebm p\u00ebr evolucionin q\u00eb po ndodh n\u00eb treg, p\u00ebr nevoj\u00ebn p\u00ebr t&#8217;i dh\u00ebn\u00eb nj\u00eb p\u00ebrgjigje t\u00eb kualifikuar nj\u00eb k\u00ebrkese gjithnj\u00eb e m\u00eb t\u00eb larmishme dhe t\u00eb ve\u00e7ant\u00eb, Sinani ka nj\u00eb p\u00ebrzgjedhje t\u00eb gjer\u00eb produktesh nga markat m\u00eb t\u00eb mira Europiane. Pikat e shitjes garantojn\u00eb pranin\u00eb e saj t\u00eb gjer\u00eb n\u00eb te gjith\u00eb territorin duke mbuluar nj\u00eb zon\u00eb t\u00eb madhe tregu, duke u vendosur si nj\u00eb nga realitetet m\u00eb t\u00eb r\u00ebnd\u00ebsishme n\u00eb Shqip\u00ebri.<\/p>\r\n<p><a href=\"https:\/\/sinani.al\/en\/rreth-nesh\/\" target=\"_self\" rel=\"noopener\"> Read more <\/a><\/p>\r\n<h2>Our Products<\/h2>\r\n<p><a href=\"\/en\/WWW.SHOP.SINANI.AL\/\" target=\"_blank\" rel=\"noopener\"> VIZITONI DYQANIN ONLINE <\/a> <img decoding=\"async\" title=\"6\" src=\"https:\/\/new.sinani.al\/wp-content\/uploads\/2022\/08\/6.jpg\" alt=\"6\" \/> <img loading=\"lazy\" decoding=\"async\" title=\"bathroom-furniture-21becd00b94aaa9b9ce63ed425f92da4\" src=\"https:\/\/sinani.al\/wp-content\/uploads\/2022\/09\/bathroom-furniture-21becd00b94aaa9b9ce63ed425f92da4-1-1024x527.jpeg\" alt=\"bathroom-furniture-21becd00b94aaa9b9ce63ed425f92da4\" width=\"1024\" height=\"527\" \/> <img decoding=\"async\" title=\"DOLCECLIMA SILENT\" src=\"https:\/\/new.sinani.al\/wp-content\/uploads\/2022\/08\/DOLCECLIMA-SILENT.jpg\" alt=\"DOLCECLIMA SILENT\" \/> <img decoding=\"async\" title=\"reklamat bosch 1x1_\" src=\"https:\/\/new.sinani.al\/wp-content\/uploads\/2022\/08\/reklamat-bosch-1x1_.jpg\" alt=\"reklamat bosch 1x1_\" \/> <img decoding=\"async\" title=\"reklamat bosch 1321x1_\" src=\"https:\/\/new.sinani.al\/wp-content\/uploads\/2022\/08\/reklamat-bosch-1321x1_.jpg\" alt=\"reklamat bosch 1321x1_\" \/><\/p>\r\n<h2>GALLERY<\/h2>\r\n<p><iframe loading=\"lazy\" title=\"YouTube video player\" src=\"https:\/\/www.youtube.com\/embed\/aTKTecgFz9c?si=gJA3c8-erJ6o--L7\" width=\"660\" height=\"415\" frameborder=\"0\" allowfullscreen=\"allowfullscreen\"><\/iframe> <a href=\"https:\/\/sinani.al\/en\/partneret-tane\/\" target=\"_self\" rel=\"noopener\"> OUR PARTNERS <\/a><\/p>\r\n<h2><a title=\"Location:\" href=\"https:\/\/new.sinani.al\/partneret-tane\/\" target=\"_self\" rel=\"noopener\"> Location: <\/a><\/h2>\r\n<p><iframe loading=\"lazy\" src=\"https:\/\/www.google.com\/maps\/embed?pb=!1m14!1m8!1m3!1d2746.325359178442!2d19.524370315863806!3d41.35476544551318!3m2!1i1024!2i768!4f13.1!3m3!1m2!1s0x134fd7a14b72b847%3A0x1b6c121d636371b6!2sSINANI%20-%20Hidrosanitare%20hidraulike%20bojra%20sisteme%20ngrohje-ftohje%20panel%20diellor%20kondicioner%20kaldaja%20oxhak%20vaska%20GEBERIT!5e0!3m2!1sen!2sus!4v1697294117355!5m2!1sen!2sus\" width=\"100%\" height=\"450\" allowfullscreen=\"allowfullscreen\"><\/iframe><\/p>","protected":false},"excerpt":{"rendered":"<p>100 T\u00cb PUN\u00cbSUAR 12 FILIALE 28 VITE N\u00cb TREG 30.000 PRODUKTE Rreth NESH Kompania Sinani e themeluar n\u00eb vitin 1994 nga Z. Haki Sinani, vit pas viti \u00ebsht\u00eb konsoliduar n\u00eb treg fal\u00eb p\u00ebrvoj\u00ebs, profesionalizmit dhe k\u00ebmb\u00ebnguljes t\u00eb gjith\u00eb bashk\u00ebpun\u00ebtor\u00ebve t\u00eb saj, duke arritur nj\u00eb pozicion lider n\u00eb shitjen e materialeve hidraulike, hidrosanitare, ngrohje-ftohje, klimatizues, mobilje &hellip;<\/p>\n<p class=\"read-more\"> <a class=\"\" href=\"https:\/\/sinani.al\/en\/\"> <span class=\"screen-reader-text\">Home<\/span> Read More &raquo;<\/a><\/p>","protected":false},"author":1,"featured_media":0,"parent":0,"menu_order":0,"comment_status":"closed","ping_status":"open","template":"","meta":{"site-sidebar-layout":"no-sidebar","site-content-layout":"page-builder","ast-global-header-display":"","ast-main-header-display":"","ast-hfb-above-header-display":"","ast-hfb-below-header-display":"","ast-hfb-mobile-header-display":"","site-post-title":"disabled","ast-breadcrumbs-content":"","ast-featured-img":"disabled","footer-sml-layout":"","theme-transparent-header-meta":"default","adv-header-id-meta":"","stick-header-meta":"","header-above-stick-meta":"","header-main-stick-meta":"","header-below-stick-meta":"","footnotes":""},"class_list":["post-1128","page","type-page","status-publish","hentry"],"_links":{"self":[{"href":"https:\/\/sinani.al\/en\/wp-json\/wp\/v2\/pages\/1128","targetHints":{"allow":["GET"]}}],"collection":[{"href":"https:\/\/sinani.al\/en\/wp-json\/wp\/v2\/pages"}],"about":[{"href":"https:\/\/sinani.al\/en\/wp-json\/wp\/v2\/types\/page"}],"author":[{"embeddable":true,"href":"https:\/\/sinani.al\/en\/wp-json\/wp\/v2\/users\/1"}],"replies":[{"embeddable":true,"href":"https:\/\/sinani.al\/en\/wp-json\/wp\/v2\/comments?post=1128"}],"version-history":[{"count":74,"href":"https:\/\/sinani.al\/en\/wp-json\/wp\/v2\/pages\/1128\/revisions"}],"predecessor-version":[{"id":1686,"href":"https:\/\/sinani.al\/en\/wp-json\/wp\/v2\/pages\/1128\/revisions\/1686"}],"wp:attachment":[{"href":"https:\/\/sinani.al\/en\/wp-json\/wp\/v2\/media?parent=1128"}],"curies":[{"name":"wp","href":"https:\/\/api.w.org\/{rel}","templated":true}]}}